{"id":128,"date":"2017-07-05T12:07:09","date_gmt":"2017-07-05T12:07:09","guid":{"rendered":"http:\/\/lemondesign.dev\/tisk\/"},"modified":"2022-03-25T08:57:08","modified_gmt":"2022-03-25T08:57:08","slug":"tisk","status":"publish","type":"page","link":"https:\/\/lemondesign.testdev.cz\/en\/tisk\/","title":{"rendered":"Print"},"content":{"rendered":"<p>\u017ez\u0161\u017eu\u0159\u017e\u00fdu\u017e\u00fd<\/p>\n","protected":false},"excerpt":{"rendered":"<p>\u017ez\u0161\u017eu\u0159\u017e\u00fdu\u017e\u00fd<\/p>\n","protected":false},"author":1,"featured_media":0,"parent":0,"menu_order":0,"comment_status":"closed","ping_status":"closed","template":"","meta":{"_acf_changed":false,"footnotes":""},"class_list":["post-128","page","type-page","status-publish","hentry"],"acf":[],"_links":{"self":[{"href":"https:\/\/lemondesign.testdev.cz\/en\/wp-json\/wp\/v2\/pages\/128","targetHints":{"allow":["GET"]}}],"collection":[{"href":"https:\/\/lemondesign.testdev.cz\/en\/wp-json\/wp\/v2\/pages"}],"about":[{"href":"https:\/\/lemondesign.testdev.cz\/en\/wp-json\/wp\/v2\/types\/page"}],"author":[{"embeddable":true,"href":"https:\/\/lemondesign.testdev.cz\/en\/wp-json\/wp\/v2\/users\/1"}],"replies":[{"embeddable":true,"href":"https:\/\/lemondesign.testdev.cz\/en\/wp-json\/wp\/v2\/comments?post=128"}],"version-history":[{"count":1,"href":"https:\/\/lemondesign.testdev.cz\/en\/wp-json\/wp\/v2\/pages\/128\/revisions"}],"predecessor-version":[{"id":129,"href":"https:\/\/lemondesign.testdev.cz\/en\/wp-json\/wp\/v2\/pages\/128\/revisions\/129"}],"wp:attachment":[{"href":"https:\/\/lemondesign.testdev.cz\/en\/wp-json\/wp\/v2\/media?parent=128"}],"curies":[{"name":"wp","href":"https:\/\/api.w.org\/{rel}","templated":true}]}}